{"id":3696,"date":"2019-02-15T07:32:09","date_gmt":"2019-02-15T07:32:09","guid":{"rendered":"http:\/\/wp.seroshoes.com\/?page_id=3696"},"modified":"2020-01-27T12:19:37","modified_gmt":"2020-01-27T12:19:37","slug":"impressum","status":"publish","type":"page","link":"http:\/\/seroshoes.com\/en\/impressum\/","title":{"rendered":"Imprint"},"content":{"rendered":"<div class=\"fusion-fullwidth fullwidth-box fusion-builder-row-1 nonhundred-percent-fullwidth non-hundred-percent-height-scrolling\" style=\"background-color: #ffffff;background-position: center center;background-repeat: no-repeat;padding-top:50px;padding-right:0px;padding-bottom:0px;padding-left:0px;margin-bottom: 0px;margin-top: 0px;border-width: 0px 0px 0px 0px;border-color:#eae9e9;border-style:solid;\" ><div class=\"fusion-builder-row fusion-row\"><div class=\"fusion-layout-column fusion_builder_column fusion-builder-column-0 fusion_builder_column_1_1 1_1 fusion-one-full fusion-column-first fusion-column-last\" style=\"margin-top:0px;margin-bottom:30px;\"><div class=\"fusion-column-wrapper fusion-flex-column-wrapper-legacy\" style=\"background-position:left top;background-repeat:no-repeat;-webkit-background-size:cover;-moz-background-size:cover;-o-background-size:cover;background-size:cover;padding: 0px 0px 0px 0px;\"><style type=\"text\/css\"><\/style><div class=\"fusion-title title fusion-title-1 fusion-sep-none fusion-title-text fusion-title-size-one\" style=\"margin-top:0px;margin-right:0px;margin-bottom:0px;margin-left:0px;\"><h1 class=\"title-heading-left fusion-responsive-typography-calculated\" style=\"margin:0;--fontSize:80;line-height:1;\"><h1>Imprint<\/h1><\/h1><\/div><div class=\"fusion-text fusion-text-1\"><h4 data-fontsize=\"18\" data-lineheight=\"36\">Kontaktadresse<\/h4>\n<p>Footloose GmbH | Margrit-Rainer-Strasse 22<span style=\"color: var(--body_typography-color); font-family: var(--body_typography-font-family); font-size: var(--body_typography-font-size); font-style: var(--body_typography-font-style,normal); font-weight: var(--body_typography-font-weight); letter-spacing: var(--body_typography-letter-spacing);\"> | CH-8050 Z\u00fcrich<\/span><\/p>\n<\/p>\n<h4 data-fontsize=\"18\" data-lineheight=\"36\">Handelsregistereintrag<\/h4>\n<p>Eingetragener Firmenname: FOOTLOOSE GmbH<br \/>Nummer: CH-020.4.031.562-8<br \/>Handelsregisteramt des Kanton Z\u00fcrich<\/p>\n<h4 data-fontsize=\"18\" data-lineheight=\"36\">Haftungsausschluss<\/h4>\n<p>Der Autor \u00fcbernimmt keinerlei Gew\u00e4hr hinsichtlich der inhaltlichen Richtigkeit, Genauigkeit, Aktualit\u00e4t, Zuverl\u00e4ssigkeit und Vollst\u00e4ndigkeit der Informationen.<br \/>Haftungsanspr\u00fcche gegen den Autor wegen Sch\u00e4den materieller oder immaterieller Art, welche aus dem Zugriff oder der Nutzung bzw. Nichtnutzung der ver\u00f6ffentlichten Informationen, durch Missbrauch der Verbindung oder durch technische St\u00f6rungen entstanden sind, werden ausgeschlossen.<br \/>Alle Angebote sind unverbindlich. Der Autor beh\u00e4lt es sich ausdr\u00fccklich vor, Teile der Seiten oder das gesamte Angebot ohne gesonderte Ank\u00fcndigung zu ver\u00e4ndern, zu erg\u00e4nzen, zu l\u00f6schen oder die Ver\u00f6ffentlichung zeitweise oder endg\u00fcltig einzustellen.<\/p>\n<h4 data-fontsize=\"18\" data-lineheight=\"36\">Haftung f\u00fcr Links<\/h4>\n<p>Verweise und Links auf Webseiten Dritter liegen ausserhalb unseres Verantwortungsbereichs. Es wird jegliche Verantwortung f\u00fcr solche Webseiten abgelehnt. Der Zugriff und die Nutzung solcher Webseiten erfolgen auf eigene Gefahr des Nutzers oder der Nutzerin.<\/p>\n<h4 data-fontsize=\"18\" data-lineheight=\"36\">Urheberrechte<\/h4>\n<p>Die Urheber- und alle anderen Rechte an Inhalten, Bildern, Fotos oder anderen Dateien auf der Website geh\u00f6ren ausschliesslich der <strong>Footloose GmbH<\/strong> oder den speziell genannten Rechteinhabern. F\u00fcr die Reproduktion jeglicher Elemente ist die schriftliche Zustimmung der Urheberrechtstr\u00e4ger im Voraus einzuholen.<\/p>\n<h4 data-fontsize=\"18\" data-lineheight=\"36\">Privacy Policy<\/h4>\n<p>Gest\u00fctzt auf Artikel 13 der schweizerischen Bundesverfassung und die datenschutzrechtlichen Bestimmungen des Bundes (Datenschutzgesetz, DSG) hat jede Person Anspruch auf Schutz ihrer Privatsph\u00e4re sowie auf Schutz vor Missbrauch ihrer pers\u00f6nlichen Daten. Wir halten diese Bestimmungen ein. Pers\u00f6nliche Daten werden streng vertraulich behandelt und weder an Dritte verkauft noch weitergegeben.<\/p>\n<h4 data-fontsize=\"18\" data-lineheight=\"36\">Datenschutzerkl\u00e4rung f\u00fcr die Nutzung von Facebook-Plugins (Like-Button)<\/h4>\n<p>Auf unseren Seiten sind Plugins des sozialen Netzwerks Facebook, 1601 South California Avenue, Palo Alto, CA 94304, USA integriert. Die Facebook-Plugins erkennen Sie an dem Facebook-Logo oder dem \u201cLike-Button\u201d (\u201cGef\u00e4llt mir\u201d) auf unserer Seite. Eine \u00dcbersicht \u00fcber die Facebook-Plugins finden Sie hier: http:\/\/developers.facebook.com\/docs\/plugins\/.<br \/>Wenn Sie unsere Seiten besuchen, wird \u00fcber das Plugin eine direkte Verbindung zwischen Ihrem Browser und dem Facebook-Server hergestellt. Facebook erh\u00e4lt dadurch die Information, dass Sie mit Ihrer IP-Adresse unsere Seite besucht haben. Wenn Sie den Facebook \u201cLike-Button\u201d anklicken w\u00e4hrend Sie in Ihrem Facebook-Account eingeloggt sind, k\u00f6nnen Sie die Inhalte unserer Seiten auf Ihrem Facebook-Profil verlinken. Dadurch kann Facebook den Besuch unserer Seiten Ihrem Benutzerkonto zuordnen. Wir weisen darauf hin, dass wir als Anbieter der Seiten keine Kenntnis vom Inhalt der \u00f6bermittelten Daten sowie deren Nutzung durch Facebook erhalten. Weitere Informationen hierzu finden Sie in der Datenschutzerkl\u00e4rung von facebook unter https:\/\/www.facebook.com\/about\/privacy\/<br \/>Wenn Sie nicht w\u00fcnschen, dass Facebook den Besuch unserer Seiten Ihrem Facebook-Nutzerkonto zuordnen kann, loggen Sie sich bitte aus Ihrem Facebook-Benutzerkonto aus.<\/p>\n<h4 data-fontsize=\"18\" data-lineheight=\"36\">Datenschutzerkl\u00e4rung f\u00fcr die Nutzung von Twitter<\/h4>\n<p>Auf unseren Seiten sind Funktionen des Dienstes Twitter eingebunden. Diese Funktionen werden angeboten durch die Twitter Inc., 795 Folsom St., Suite 600, San Francisco, CA 94107, USA. Durch das Benutzen von Twitter und der Funktion \u201cRe-Tweet\u201d werden die von Ihnen besuchten Webseiten mit Ihrem Twitter-Account verkn\u00fcpft und anderen Nutzern bekannt gegeben. Dabei werden u.a. Daten wie IP-Adresse, Browsertyp, aufgerufene Domains, besuchte Seiten, Mobilfunkanbieter, Ger\u00e4te- und Applikations-IDs und Suchbegriffe an Twitter \u00fcbertragen.<br \/>Wir weisen darauf hin, dass wir als Anbieter der Seiten keine Kenntnis vom Inhalt der \u00fcbermittelten Daten sowie deren Nutzung durch Twitter erhalten. Aufgrund laufender Aktualisierung der Datenschutzerkl\u00e4rung von Twitter, weisen wir auf die aktuellste Version unter (http:\/\/twitter.com\/privacy) hin.<br \/>Ihre Datenschutzeinstellungen bei Twitter k\u00f6nnen Sie in den Konto-Einstellungen unter http:\/\/twitter.com\/account\/settings \u00e4ndern. Bei Fragen wenden Sie sich an privacy@twitter.com.<\/p>\n<\/div><div class=\"fusion-clearfix\"><\/div><\/div><\/div><\/div><\/div>","protected":false},"excerpt":{"rendered":"","protected":false},"author":1,"featured_media":0,"parent":0,"menu_order":0,"comment_status":"closed","ping_status":"closed","template":"","meta":[],"yoast_head":"<!-- This site is optimized with the Yoast SEO plugin v19.12 - https:\/\/yoast.com\/wordpress\/plugins\/seo\/ -->\n<title>seroeshoes - feel free<\/title>\n<meta name=\"description\" content=\"Die Entwicklung der Sero-Technologie basiert auf dem Wunsch einen Schuh zu erschaffen, der all die positiven Aspekte von Barfu\u00df gehen bietet: Das Gef\u00fchl von Leichtigkeit und Nat\u00fcrlichkeit verpackt in Premium Qualit\u00e4t und Design mit wundervollem Tragekomfort.\" \/>\n<meta name=\"robots\" content=\"index, follow, max-snippet:-1, max-image-preview:large, max-video-preview:-1\" \/>\n<link rel=\"canonical\" href=\"http:\/\/seroshoes.com\/en\/impressum\/\" \/>\n<meta property=\"og:locale\" content=\"en_US\" \/>\n<meta property=\"og:type\" content=\"article\" \/>\n<meta property=\"og:title\" content=\"seroeshoes - feel free\" \/>\n<meta property=\"og:description\" content=\"Die Entwicklung der Sero-Technologie basiert auf dem Wunsch einen Schuh zu erschaffen, der all die positiven Aspekte von Barfu\u00df gehen bietet: Das Gef\u00fchl von Leichtigkeit und Nat\u00fcrlichkeit verpackt in Premium Qualit\u00e4t und Design mit wundervollem Tragekomfort.\" \/>\n<meta property=\"og:url\" content=\"http:\/\/seroshoes.com\/en\/impressum\/\" \/>\n<meta property=\"og:site_name\" content=\"seroeshoes\" \/>\n<meta property=\"article:modified_time\" content=\"2020-01-27T12:19:37+00:00\" \/>\n<meta name=\"twitter:card\" content=\"summary_large_image\" \/>\n<meta name=\"twitter:label1\" content=\"Est. reading time\" \/>\n\t<meta name=\"twitter:data1\" content=\"5 minutes\" \/>\n<script type=\"application\/ld+json\" class=\"yoast-schema-graph\">{\"@context\":\"https:\/\/schema.org\",\"@graph\":[{\"@type\":\"WebPage\",\"@id\":\"http:\/\/seroshoes.com\/impressum\/\",\"url\":\"http:\/\/seroshoes.com\/impressum\/\",\"name\":\"seroeshoes - feel free\",\"isPartOf\":{\"@id\":\"http:\/\/seroshoes.com\/#website\"},\"datePublished\":\"2019-02-15T07:32:09+00:00\",\"dateModified\":\"2020-01-27T12:19:37+00:00\",\"description\":\"Die Entwicklung der Sero-Technologie basiert auf dem Wunsch einen Schuh zu erschaffen, der all die positiven Aspekte von Barfu\u00df gehen bietet: Das Gef\u00fchl von Leichtigkeit und Nat\u00fcrlichkeit verpackt in Premium Qualit\u00e4t und Design mit wundervollem Tragekomfort.\",\"breadcrumb\":{\"@id\":\"http:\/\/seroshoes.com\/impressum\/#breadcrumb\"},\"inLanguage\":\"en-US\",\"potentialAction\":[{\"@type\":\"ReadAction\",\"target\":[\"http:\/\/seroshoes.com\/impressum\/\"]}]},{\"@type\":\"BreadcrumbList\",\"@id\":\"http:\/\/seroshoes.com\/impressum\/#breadcrumb\",\"itemListElement\":[{\"@type\":\"ListItem\",\"position\":1,\"name\":\"Home\",\"item\":\"http:\/\/seroshoes.com\/\"},{\"@type\":\"ListItem\",\"position\":2,\"name\":\"Impressum\"}]},{\"@type\":\"WebSite\",\"@id\":\"http:\/\/seroshoes.com\/#website\",\"url\":\"http:\/\/seroshoes.com\/\",\"name\":\"seroeshoes\",\"description\":\"feel free\",\"publisher\":{\"@id\":\"http:\/\/seroshoes.com\/#organization\"},\"potentialAction\":[{\"@type\":\"SearchAction\",\"target\":{\"@type\":\"EntryPoint\",\"urlTemplate\":\"http:\/\/seroshoes.com\/?s={search_term_string}\"},\"query-input\":\"required name=search_term_string\"}],\"inLanguage\":\"en-US\"},{\"@type\":\"Organization\",\"@id\":\"http:\/\/seroshoes.com\/#organization\",\"name\":\"Footloose GmbH\",\"url\":\"http:\/\/seroshoes.com\/\",\"logo\":{\"@type\":\"ImageObject\",\"inLanguage\":\"en-US\",\"@id\":\"http:\/\/seroshoes.com\/#\/schema\/logo\/image\/\",\"url\":\"http:\/\/seroshoes.com\/wp-content\/uploads\/2019\/10\/Sero-Logo.png\",\"contentUrl\":\"http:\/\/seroshoes.com\/wp-content\/uploads\/2019\/10\/Sero-Logo.png\",\"width\":2800,\"height\":500,\"caption\":\"Footloose GmbH\"},\"image\":{\"@id\":\"http:\/\/seroshoes.com\/#\/schema\/logo\/image\/\"}}]}<\/script>\n<!-- \/ Yoast SEO plugin. -->","yoast_head_json":{"title":"seroeshoes - feel free","description":"Die Entwicklung der Sero-Technologie basiert auf dem Wunsch einen Schuh zu erschaffen, der all die positiven Aspekte von Barfu\u00df gehen bietet: Das Gef\u00fchl von Leichtigkeit und Nat\u00fcrlichkeit verpackt in Premium Qualit\u00e4t und Design mit wundervollem Tragekomfort.","robots":{"index":"index","follow":"follow","max-snippet":"max-snippet:-1","max-image-preview":"max-image-preview:large","max-video-preview":"max-video-preview:-1"},"canonical":"http:\/\/seroshoes.com\/en\/impressum\/","og_locale":"en_US","og_type":"article","og_title":"seroeshoes - feel free","og_description":"Die Entwicklung der Sero-Technologie basiert auf dem Wunsch einen Schuh zu erschaffen, der all die positiven Aspekte von Barfu\u00df gehen bietet: Das Gef\u00fchl von Leichtigkeit und Nat\u00fcrlichkeit verpackt in Premium Qualit\u00e4t und Design mit wundervollem Tragekomfort.","og_url":"http:\/\/seroshoes.com\/en\/impressum\/","og_site_name":"seroeshoes","article_modified_time":"2020-01-27T12:19:37+00:00","twitter_card":"summary_large_image","twitter_misc":{"Est. reading time":"5 minutes"},"schema":{"@context":"https:\/\/schema.org","@graph":[{"@type":"WebPage","@id":"http:\/\/seroshoes.com\/impressum\/","url":"http:\/\/seroshoes.com\/impressum\/","name":"seroeshoes - feel free","isPartOf":{"@id":"http:\/\/seroshoes.com\/#website"},"datePublished":"2019-02-15T07:32:09+00:00","dateModified":"2020-01-27T12:19:37+00:00","description":"Die Entwicklung der Sero-Technologie basiert auf dem Wunsch einen Schuh zu erschaffen, der all die positiven Aspekte von Barfu\u00df gehen bietet: Das Gef\u00fchl von Leichtigkeit und Nat\u00fcrlichkeit verpackt in Premium Qualit\u00e4t und Design mit wundervollem Tragekomfort.","breadcrumb":{"@id":"http:\/\/seroshoes.com\/impressum\/#breadcrumb"},"inLanguage":"en-US","potentialAction":[{"@type":"ReadAction","target":["http:\/\/seroshoes.com\/impressum\/"]}]},{"@type":"BreadcrumbList","@id":"http:\/\/seroshoes.com\/impressum\/#breadcrumb","itemListElement":[{"@type":"ListItem","position":1,"name":"Home","item":"http:\/\/seroshoes.com\/"},{"@type":"ListItem","position":2,"name":"Impressum"}]},{"@type":"WebSite","@id":"http:\/\/seroshoes.com\/#website","url":"http:\/\/seroshoes.com\/","name":"seroeshoes","description":"feel free","publisher":{"@id":"http:\/\/seroshoes.com\/#organization"},"potentialAction":[{"@type":"SearchAction","target":{"@type":"EntryPoint","urlTemplate":"http:\/\/seroshoes.com\/?s={search_term_string}"},"query-input":"required name=search_term_string"}],"inLanguage":"en-US"},{"@type":"Organization","@id":"http:\/\/seroshoes.com\/#organization","name":"Footloose GmbH","url":"http:\/\/seroshoes.com\/","logo":{"@type":"ImageObject","inLanguage":"en-US","@id":"http:\/\/seroshoes.com\/#\/schema\/logo\/image\/","url":"http:\/\/seroshoes.com\/wp-content\/uploads\/2019\/10\/Sero-Logo.png","contentUrl":"http:\/\/seroshoes.com\/wp-content\/uploads\/2019\/10\/Sero-Logo.png","width":2800,"height":500,"caption":"Footloose GmbH"},"image":{"@id":"http:\/\/seroshoes.com\/#\/schema\/logo\/image\/"}}]}},"_links":{"self":[{"href":"http:\/\/seroshoes.com\/en\/wp-json\/wp\/v2\/pages\/3696"}],"collection":[{"href":"http:\/\/seroshoes.com\/en\/wp-json\/wp\/v2\/pages"}],"about":[{"href":"http:\/\/seroshoes.com\/en\/wp-json\/wp\/v2\/types\/page"}],"author":[{"embeddable":true,"href":"http:\/\/seroshoes.com\/en\/wp-json\/wp\/v2\/users\/1"}],"replies":[{"embeddable":true,"href":"http:\/\/seroshoes.com\/en\/wp-json\/wp\/v2\/comments?post=3696"}],"version-history":[{"count":4,"href":"http:\/\/seroshoes.com\/en\/wp-json\/wp\/v2\/pages\/3696\/revisions"}],"predecessor-version":[{"id":4236,"href":"http:\/\/seroshoes.com\/en\/wp-json\/wp\/v2\/pages\/3696\/revisions\/4236"}],"wp:attachment":[{"href":"http:\/\/seroshoes.com\/en\/wp-json\/wp\/v2\/media?parent=3696"}],"curies":[{"name":"wp","href":"https:\/\/api.w.org\/{rel}","templated":true}]}}