{"id":4104,"date":"2015-12-14T04:09:47","date_gmt":"2015-12-14T04:09:47","guid":{"rendered":"http:\/\/theme-fusion.com\/avada\/medical\/?page_id=5"},"modified":"2020-01-27T15:42:22","modified_gmt":"2020-01-27T15:42:22","slug":"home","status":"publish","type":"page","link":"http:\/\/seroshoes.com\/en\/","title":{"rendered":"Home"},"content":{"rendered":"<p><div class=\"fusion-fullwidth fullwidth-box fusion-builder-row-1 nonhundred-percent-fullwidth non-hundred-percent-height-scrolling\" style=\"background-color: #ffffff;background-position: left top;background-repeat: no-repeat;padding-top:50px;padding-right:0px;padding-bottom:30px;padding-left:0px;margin-bottom: 0px;margin-top: 0px;border-width: 1px 0px 1px 0px;border-color:rgba(163,163,163,0);border-style:solid;\" ><div class=\"fusion-builder-row fusion-row\"><div class=\"fusion-layout-column fusion_builder_column fusion-builder-column-0 fusion_builder_column_1_1 1_1 fusion-one-full fusion-column-first fusion-column-last\" style=\"margin-top:0px;margin-bottom:7px;\"><div class=\"fusion-column-wrapper fusion-flex-column-wrapper-legacy\" style=\"background-position:left top;background-repeat:no-repeat;-webkit-background-size:cover;-moz-background-size:cover;-o-background-size:cover;background-size:cover;padding: 0px 10% 0px 10%;\"><div class=\"fusion-menu-anchor\" id=\"technologie\"><\/div><div class=\"fusion-text fusion-text-1\"><h2 href=\"technologie\"style=\"text-align: center;\" data-fontsize=\"46\" data-lineheight=\"57\">THE SERO TECHNOLOGY<\/h2>\n<\/div><div class=\"fusion-text fusion-text-2\"><p style=\"text-align: center;\">The development of Sero-Technology is based on the desire to create a shoe that <span style=\"color: var(--body_typography-color); font-family: var(--body_typography-font-family); font-size: var(--body_typography-font-size); font-style: var(--body_typography-font-style,normal); font-weight: var(--body_typography-font-weight); letter-spacing: var(--body_typography-letter-spacing);\">offers all the positive aspects of walking barefoot:<\/span><\/p>\n<p style=\"text-align: center;\"><b>The feeling of lightness and naturalness packed in premium quality and design with wonderful wearing comfort.<\/b><\/p>\n<p style=\"text-align: center;\"><span style=\"color: var(--body_typography-color); font-family: var(--body_typography-font-family); font-size: var(--body_typography-font-size); font-style: var(--body_typography-font-style,normal); font-weight: var(--body_typography-font-weight); letter-spacing: var(--body_typography-letter-spacing);\">Together with German and international sports physicians and designers, we have succeeded in turning this wish <\/span><span style=\"color: var(--body_typography-color); font-family: var(--body_typography-font-family); font-size: var(--body_typography-font-size); font-style: var(--body_typography-font-style,normal); font-weight: var(--body_typography-font-weight); letter-spacing: var(--body_typography-letter-spacing);\">into reality.<\/span><\/p>\n<\/div><div class=\"fusion-clearfix\"><\/div><\/div><\/div><\/div><\/div><div class=\"fusion-fullwidth fullwidth-box fusion-builder-row-2 nonhundred-percent-fullwidth non-hundred-percent-height-scrolling\" style=\"background-color: #f7f7f7;background-position: left top;background-repeat: no-repeat;padding-top:100px;padding-right:0px;padding-bottom:50px;padding-left:0px;margin-bottom: 0px;margin-top: 0px;border-width: 1px 0px 1px 0px;border-color:rgba(0,0,0,0.1);border-style:solid;\" ><div class=\"fusion-builder-row fusion-row\"><div class=\"fusion-layout-column fusion_builder_column fusion-builder-column-1 fusion_builder_column_1_1 1_1 fusion-one-full fusion-column-first fusion-column-last\" style=\"margin-top:0px;margin-bottom:0px;\"><div class=\"fusion-column-wrapper fusion-flex-column-wrapper-legacy\" style=\"background-position:left top;background-repeat:no-repeat;-webkit-background-size:cover;-moz-background-size:cover;-o-background-size:cover;background-size:cover;padding: 0px 0px 0px 0px;\"><div class=\"fusion-column-content-centered\"><div class=\"fusion-column-content\"><div class=\"fusion-flip-boxes flip-boxes row fusion-columns-2 flip-effect-3d equal-heights\"><div class=\"fusion-flip-box-wrapper fusion-column col-lg-6 col-md-6 col-sm-6\"><div class=\"fusion-flip-box flip-up\" tabindex=\"0\"><div class=\"flip-box-inner-wrapper\"><div class=\"flip-box-front\" style=\"background-color:#f6f6f6;border-color:rgba(255,255,255,0);border-radius:4px;border-style:solid;border-width:1px;color:#747474;transition-duration:0.5s;background-image: url(&#039;http:\/\/seroshoes.com\/wp-content\/uploads\/2019\/10\/Technologie.jpg&#039;);\"><div class=\"flip-box-front-inner\"><div class=\"flip-box-grafix flip-box-no-circle\"><i aria-hidden=\"true\" class=\"fa-angle-down fas\" style=\"color:rgba(0,0,0,0.3);\"><\/i><\/div><h2 class=\"flip-box-heading without-text\" style=\"color:#333333;\">Exceptional technology<\/h2><\/div><\/div><div class=\"flip-box-back\" style=\"background-color:#9c9b9b;border-color:rgba(255,255,255,0);border-radius:4px;border-style:solid;border-width:1px;color:#ffffff;transition-duration:0.5s;\"><div class=\"flip-box-back-inner\">\n<p>Thanks to its exceptional technology, SERO always offers perfect hold and optimum stability.<\/p>\n<\/div><\/div><\/div><\/div><\/div><div class=\"fusion-flip-box-wrapper fusion-column col-lg-6 col-md-6 col-sm-6\"><div class=\"fusion-flip-box flip-up\" tabindex=\"0\"><div class=\"flip-box-inner-wrapper\"><div class=\"flip-box-front\" style=\"background-color:#f6f6f6;border-color:rgba(255,255,255,0);border-radius:4px;border-style:solid;border-width:1px;color:#747474;transition-duration:0.5s;background-image: url(&#039;http:\/\/seroshoes.com\/wp-content\/uploads\/2019\/10\/sero-komfort.jpg&#039;);\"><div class=\"flip-box-front-inner\"><div class=\"flip-box-grafix flip-box-no-circle\"><i aria-hidden=\"true\" class=\"fa-angle-down fas\" style=\"color:rgba(0,0,0,0.3);\"><\/i><\/div><h2 class=\"flip-box-heading without-text\" style=\"color:#333333;\">Maximum wearing comfort<\/h2><\/div><\/div><div class=\"flip-box-back\" style=\"background-color:#9c9b9b;border-color:rgba(255,255,255,0);border-radius:4px;border-style:solid;border-width:1px;color:#ffffff;transition-duration:0.5s;\"><div class=\"flip-box-back-inner\">The combination of SERO Technology &amp; SERO S-LINE in combination with the highest quality materials ensures unique wearing comfort.<\/div><\/div><\/div><\/div><\/div><\/div><div class=\"clearfix\"><\/div><div class=\"fusion-flip-boxes flip-boxes row fusion-columns-2 flip-effect-3d equal-heights\"><div class=\"fusion-flip-box-wrapper fusion-column col-lg-6 col-md-6 col-sm-6\"><div class=\"fusion-flip-box flip-up\" tabindex=\"0\"><div class=\"flip-box-inner-wrapper\"><div class=\"flip-box-front\" style=\"background-color:#f6f6f6;border-color:rgba(255,255,255,0);border-radius:4px;border-style:solid;border-width:1px;color:#747474;transition-duration:0.5s;background-image: url(&#039;http:\/\/seroshoes.com\/wp-content\/uploads\/2019\/10\/Sero-S-Line-Abrollverhalten.jpg&#039;);\"><div class=\"flip-box-front-inner\"><div class=\"flip-box-grafix flip-box-no-circle\"><i aria-hidden=\"true\" class=\"fa-angle-down fas\" style=\"color:rgba(0,0,0,0.3);\"><\/i><\/div><h2 class=\"flip-box-heading without-text\" style=\"color:#333333;\">Natural roll-off process<\/h2><\/div><\/div><div class=\"flip-box-back\" style=\"background-color:#9c9b9b;border-color:rgba(255,255,255,0);border-radius:4px;border-style:solid;border-width:1px;color:#ffffff;transition-duration:0.5s;\"><div class=\"flip-box-back-inner\">SERO technology ensures a healthy and natural movement thanks to the Sero S-Line.<\/div><\/div><\/div><\/div><\/div><div class=\"fusion-flip-box-wrapper fusion-column col-lg-6 col-md-6 col-sm-6\"><div class=\"fusion-flip-box flip-up\" tabindex=\"0\"><div class=\"flip-box-inner-wrapper\"><div class=\"flip-box-front\" style=\"background-color:#f6f6f6;border-color:rgba(255,255,255,0);border-radius:4px;border-style:solid;border-width:1px;color:#747474;transition-duration:0.5s;background-image: url(&#039;http:\/\/seroshoes.com\/wp-content\/uploads\/2019\/10\/sero-muskulatur.jpg&#039;);\"><div class=\"flip-box-front-inner\"><div class=\"flip-box-grafix flip-box-no-circle\"><i aria-hidden=\"true\" class=\"fa-angle-down fas\" style=\"color:rgba(0,0,0,0.3);\"><\/i><\/div><h2 class=\"flip-box-heading without-text\" style=\"color:#333333;\">Strengthening of the musculature<\/h2><\/div><\/div><div class=\"flip-box-back\" style=\"background-color:#9c9b9b;border-color:rgba(255,255,255,0);border-radius:4px;border-style:solid;border-width:1px;color:#ffffff;transition-duration:0.5s;\"><div class=\"flip-box-back-inner\">With every step SERO technology promotes the natural strengthening of your muscles.<\/div><\/div><\/div><\/div><\/div><\/div><div class=\"clearfix\"><\/div><\/div><\/div><div class=\"fusion-clearfix\"><\/div><\/div><\/div><\/div><\/div><div class=\"fusion-bg-parallax\" data-bg-align=\"center center\" data-direction=\"left\" data-mute=\"false\" data-opacity=\"100\" data-velocity=\"-0.5\" data-mobile-enabled=\"false\" data-break_parents=\"0\" data-bg-image=\"http:\/\/seroshoes.com\/wp-content\/uploads\/2015\/12\/paralax-bg-tour-facilities.jpg\" data-bg-repeat=\"false\" data-bg-color=\"#ffffff\" ><\/div><div class=\"fusion-fullwidth fullwidth-box fusion-builder-row-3 fusion-parallax-left nonhundred-percent-fullwidth non-hundred-percent-height-scrolling\" style=\"background-color: #ffffff;background-image: url(&quot;http:\/\/seroshoes.com\/wp-content\/uploads\/2015\/12\/paralax-bg-tour-facilities.jpg&quot;);background-position: center center;background-repeat: no-repeat;padding-top:101px;padding-right:28px;padding-bottom:0px;padding-left:0px;margin-bottom: 0px;margin-top: 0px;border-width: 0px 0px 0px 0px;border-color:#eae9e9;border-style:solid;-webkit-background-size:cover;-moz-background-size:cover;-o-background-size:cover;background-size:cover;\" ><div class=\"fusion-builder-row fusion-row\"><div class=\"fusion-layout-column fusion_builder_column fusion-builder-column-2 fusion_builder_column_1_3 1_3 fusion-one-third fusion-column-first\" style=\"width:33.3333333333%;width:calc(33.3333333333% - ( ( 0 ) * 0.333333333333 ) );margin-right: 0px;margin-top:0px;margin-bottom:20px;\"><div class=\"fusion-column-wrapper fusion-flex-column-wrapper-legacy\" style=\"background-position:left top;background-repeat:no-repeat;-webkit-background-size:cover;-moz-background-size:cover;-o-background-size:cover;background-size:cover;padding: 0px 0px 0px 0px;\"><span class=\"fusion-imageframe imageframe-none imageframe-1 hover-type-none\"><img decoding=\"async\" width=\"646\" height=\"650\" title=\"technology_logo\" src=\"http:\/\/seroshoes.com\/wp-content\/uploads\/2019\/11\/technology_logo.png\" alt class=\"img-responsive wp-image-4159\" srcset=\"http:\/\/seroshoes.com\/wp-content\/uploads\/2019\/11\/technology_logo-66x66.png 66w, http:\/\/seroshoes.com\/wp-content\/uploads\/2019\/11\/technology_logo-150x150.png 150w, http:\/\/seroshoes.com\/wp-content\/uploads\/2019\/11\/technology_logo-200x201.png 200w, http:\/\/seroshoes.com\/wp-content\/uploads\/2019\/11\/technology_logo-298x300.png 298w, http:\/\/seroshoes.com\/wp-content\/uploads\/2019\/11\/technology_logo-400x402.png 400w, http:\/\/seroshoes.com\/wp-content\/uploads\/2019\/11\/technology_logo-600x604.png 600w, http:\/\/seroshoes.com\/wp-content\/uploads\/2019\/11\/technology_logo.png 646w\" sizes=\"(max-width: 800px) 100vw, 400px\" \/><\/span><div class=\"fusion-clearfix\"><\/div><\/div><\/div><div class=\"fusion-layout-column fusion_builder_column fusion-builder-column-3 fusion_builder_column_2_3 2_3 fusion-two-third fusion-column-last\" style=\"width:66.6666666667%;width:calc(66.6666666667% - ( ( 0 ) * 0.666666666667 ) );margin-top:0px;margin-bottom:30px;\"><div class=\"fusion-column-wrapper fusion-flex-column-wrapper-legacy\" style=\"background-position:left top;background-repeat:no-repeat;-webkit-background-size:cover;-moz-background-size:cover;-o-background-size:cover;background-size:cover;padding: 0px 0px 0px 0px;\"><div class=\"fusion-video fusion-selfhosted-video\" style=\"max-width:100%;\"><div class=\"video-wrapper\"><video playsinline=\"true\" width=\"100%\" style=\"object-fit: cover;\" muted=\"true\" preload=\"auto\" controls=\"1\"><source src=\"http:\/\/seroshoes.com\/wp-content\/uploads\/2019\/10\/Sero_Video_1080.mp4\" type=\"video\/mp4\">Sorry, your browser doesn&#039;t support embedded videos.<\/video><\/div><\/div><div class=\"fusion-clearfix\"><\/div><\/div><\/div><\/div><\/div><div class=\"fusion-fullwidth fullwidth-box fusion-builder-row-4 nonhundred-percent-fullwidth non-hundred-percent-height-scrolling\" style=\"background-color: #ffffff;background-position: center center;background-repeat: no-repeat;padding-top:100px;padding-right:0px;padding-bottom:0px;padding-left:0px;margin-bottom: -100px;margin-top: 0px;border-width: 0px 0px 0px 0px;border-color:#eae9e9;border-style:solid;\" ><div class=\"fusion-builder-row fusion-row\"><div class=\"fusion-layout-column fusion_builder_column fusion-builder-column-4 fusion_builder_column_1_6 1_6 fusion-one-sixth fusion-column-first\" style=\"width:16.6666666667%;width:calc(16.6666666667% - ( ( 4% + 4% ) * 0.166666666667 ) );margin-right: 4%;margin-top:0px;margin-bottom:30px;\"><div class=\"fusion-column-wrapper fusion-flex-column-wrapper-legacy\" style=\"background-position:left top;background-repeat:no-repeat;-webkit-background-size:cover;-moz-background-size:cover;-o-background-size:cover;background-size:cover;padding: 0px 0px 0px 0px;\"><div class=\"fusion-clearfix\"><\/div><\/div><\/div><div class=\"fusion-layout-column fusion_builder_column fusion-builder-column-5 fusion_builder_column_2_3 2_3 fusion-two-third\" style=\"width:66.6666666667%;width:calc(66.6666666667% - ( ( 4% + 4% ) * 0.666666666667 ) );margin-right: 4%;margin-top:0px;margin-bottom:30px;\"><div class=\"fusion-column-wrapper fusion-flex-column-wrapper-legacy\" style=\"background-position:left top;background-repeat:no-repeat;-webkit-background-size:cover;-moz-background-size:cover;-o-background-size:cover;background-size:cover;padding: 0px 0px 0px 0px;\"><style type=\"text\/css\"><\/style><div class=\"fusion-title title fusion-title-1 fusion-sep-none fusion-title-text fusion-title-size-one\" style=\"margin-top:0px;margin-right:0px;margin-bottom:0px;margin-left:0px;\"><h1 class=\"title-heading-left fusion-responsive-typography-calculated\" style=\"margin:0;--fontSize:80;line-height:1;\"><h2 style=\"text-align: center;\">SERO &#8211; EVERY DAY<\/h2><\/h1><\/div><div class=\"fusion-text fusion-text-3\"><p style=\"text-align: center;\">Maximum wearing comfort for every occasion<\/p>\n<\/div><div class=\"fusion-image-carousel fusion-image-carousel-auto fusion-image-carousel-1 fusion-carousel-border\"><div class=\"fusion-carousel\" data-autoplay=\"no\" data-columns=\"1\" data-itemmargin=\"0\" data-itemwidth=\"180\" data-touchscroll=\"no\" data-imagesize=\"auto\"><div class=\"fusion-carousel-positioner\"><ul class=\"fusion-carousel-holder\"><li class=\"fusion-carousel-item\"><div class=\"fusion-carousel-item-wrapper\"><div class=\"fusion-image-wrapper hover-type-liftup\"><img width=\"600\" height=\"400\" src=\"http:\/\/seroshoes.com\/wp-content\/uploads\/2019\/11\/free_time.png\" class=\"attachment-full size-full\" alt=\"\" decoding=\"async\" srcset=\"http:\/\/seroshoes.com\/wp-content\/uploads\/2019\/11\/free_time-200x133.png 200w, http:\/\/seroshoes.com\/wp-content\/uploads\/2019\/11\/free_time-300x200.png 300w, http:\/\/seroshoes.com\/wp-content\/uploads\/2019\/11\/free_time-400x267.png 400w, http:\/\/seroshoes.com\/wp-content\/uploads\/2019\/11\/free_time.png 600w\" sizes=\"(max-width: 600px) 100vw, 600px\" \/><\/div><\/div><\/li><li class=\"fusion-carousel-item\"><div class=\"fusion-carousel-item-wrapper\"><div class=\"fusion-image-wrapper hover-type-liftup\"><img width=\"600\" height=\"400\" src=\"http:\/\/seroshoes.com\/wp-content\/uploads\/2019\/10\/business_text.png\" class=\"attachment-full size-full\" alt=\"\" decoding=\"async\" srcset=\"http:\/\/seroshoes.com\/wp-content\/uploads\/2019\/10\/business_text-200x133.png 200w, http:\/\/seroshoes.com\/wp-content\/uploads\/2019\/10\/business_text-300x200.png 300w, http:\/\/seroshoes.com\/wp-content\/uploads\/2019\/10\/business_text-400x267.png 400w, http:\/\/seroshoes.com\/wp-content\/uploads\/2019\/10\/business_text.png 600w\" sizes=\"(max-width: 600px) 100vw, 600px\" \/><\/div><\/div><\/li><li class=\"fusion-carousel-item\"><div class=\"fusion-carousel-item-wrapper\"><div class=\"fusion-image-wrapper hover-type-liftup\"><img width=\"600\" height=\"400\" src=\"http:\/\/seroshoes.com\/wp-content\/uploads\/2019\/10\/yoga_text.png\" class=\"attachment-full size-full\" alt=\"\" decoding=\"async\" srcset=\"http:\/\/seroshoes.com\/wp-content\/uploads\/2019\/10\/yoga_text-200x133.png 200w, http:\/\/seroshoes.com\/wp-content\/uploads\/2019\/10\/yoga_text-300x200.png 300w, http:\/\/seroshoes.com\/wp-content\/uploads\/2019\/10\/yoga_text-400x267.png 400w, http:\/\/seroshoes.com\/wp-content\/uploads\/2019\/10\/yoga_text.png 600w\" sizes=\"(max-width: 600px) 100vw, 600px\" \/><\/div><\/div><\/li><\/ul><div class=\"fusion-carousel-nav\"><button class=\"fusion-nav-prev awb-icon-left\" aria-label=\"Previous\"><\/button><button class=\"fusion-nav-next awb-icon-right\" aria-label=\"Next\"><\/button><\/div><\/div><\/div><\/div><div class=\"fusion-clearfix\"><\/div><\/div><\/div><div class=\"fusion-layout-column fusion_builder_column fusion-builder-column-6 fusion_builder_column_1_6 1_6 fusion-one-sixth fusion-column-last\" style=\"width:16.6666666667%;width:calc(16.6666666667% - ( ( 4% + 4% ) * 0.166666666667 ) );margin-top:0px;margin-bottom:30px;\"><div class=\"fusion-column-wrapper fusion-flex-column-wrapper-legacy\" style=\"background-position:left top;background-repeat:no-repeat;-webkit-background-size:cover;-moz-background-size:cover;-o-background-size:cover;background-size:cover;padding: 0px 0px 0px 0px;\"><div class=\"fusion-clearfix\"><\/div><\/div><\/div><\/div><\/div><div class=\"fusion-fullwidth fullwidth-box fusion-builder-row-5 fusion-parallax-none nonhundred-percent-fullwidth non-hundred-percent-height-scrolling\" style=\"background-color: #ffffff;background-image: url(&quot;http:\/\/seroshoes.com\/wp-content\/uploads\/2020\/01\/Zeichenfla\u0308che-1.png&quot;);background-image:linear-gradient(180deg, #ffffff 0%,rgba(255,255,255,0) 41%),url(http:\/\/seroshoes.com\/wp-content\/uploads\/2020\/01\/Zeichenfla\u0308che-1.png);background-position: center center;background-repeat: no-repeat;padding-top:150px;padding-right:30px;padding-bottom:200px;padding-left:30px;margin-bottom: 0px;margin-top: 0px;border-width: 0px 0px 0px 0px;border-color:#eae9e9;border-style:solid;-webkit-background-size:cover;-moz-background-size:cover;-o-background-size:cover;background-size:cover;\" ><div class=\"fusion-builder-row fusion-row\"><div class=\"fusion-layout-column fusion_builder_column fusion-builder-column-7 fusion_builder_column_1_1 1_1 fusion-one-full fusion-column-first fusion-column-last\" style=\"margin-top:0px;margin-bottom:30px;\"><div class=\"fusion-column-wrapper fusion-flex-column-wrapper-legacy\" style=\"background-position:left top;background-repeat:no-repeat;-webkit-background-size:cover;-moz-background-size:cover;-o-background-size:cover;background-size:cover;padding: 0px 0px 0px 0px;\"><div class=\"fusion-menu-anchor\" id=\"footer\"><\/div><div class=\"fusion-clearfix\"><\/div><\/div><\/div><\/div><\/div><\/p>","protected":false},"excerpt":{"rendered":"","protected":false},"author":1,"featured_media":0,"parent":0,"menu_order":0,"comment_status":"closed","ping_status":"closed","template":"100-width.php","meta":[],"yoast_head":"<!-- This site is optimized with the Yoast SEO plugin v19.12 - https:\/\/yoast.com\/wordpress\/plugins\/seo\/ -->\n<title>seroeshoes - feel free<\/title>\n<meta name=\"description\" content=\"Die Entwicklung der Sero-Technologie basiert auf dem Wunsch einen Schuh zu erschaffen, der all die positiven Aspekte von Barfu\u00df gehen bietet: Das Gef\u00fchl von Leichtigkeit und Nat\u00fcrlichkeit verpackt in Premium Qualit\u00e4t und Design mit wundervollem Tragekomfort.\" \/>\n<meta name=\"robots\" content=\"index, follow, max-snippet:-1, max-image-preview:large, max-video-preview:-1\" \/>\n<link rel=\"canonical\" href=\"http:\/\/seroshoes.com\/en\/\" \/>\n<meta property=\"og:locale\" content=\"en_US\" \/>\n<meta property=\"og:type\" content=\"article\" \/>\n<meta property=\"og:title\" content=\"seroeshoes - feel free\" \/>\n<meta property=\"og:description\" content=\"Die Entwicklung der Sero-Technologie basiert auf dem Wunsch einen Schuh zu erschaffen, der all die positiven Aspekte von Barfu\u00df gehen bietet: Das Gef\u00fchl von Leichtigkeit und Nat\u00fcrlichkeit verpackt in Premium Qualit\u00e4t und Design mit wundervollem Tragekomfort.\" \/>\n<meta property=\"og:url\" content=\"http:\/\/seroshoes.com\/en\/\" \/>\n<meta property=\"og:site_name\" content=\"seroeshoes\" \/>\n<meta property=\"article:modified_time\" content=\"2020-01-27T15:42:22+00:00\" \/>\n<meta name=\"twitter:card\" content=\"summary_large_image\" \/>\n<meta name=\"twitter:label1\" content=\"Est. reading time\" \/>\n\t<meta name=\"twitter:data1\" content=\"12 minutes\" \/>\n<script type=\"application\/ld+json\" class=\"yoast-schema-graph\">{\"@context\":\"https:\/\/schema.org\",\"@graph\":[{\"@type\":\"WebPage\",\"@id\":\"http:\/\/seroshoes.com\/\",\"url\":\"http:\/\/seroshoes.com\/\",\"name\":\"seroeshoes - feel free\",\"isPartOf\":{\"@id\":\"http:\/\/seroshoes.com\/#website\"},\"datePublished\":\"2015-12-14T04:09:47+00:00\",\"dateModified\":\"2020-01-27T15:42:22+00:00\",\"description\":\"Die Entwicklung der Sero-Technologie basiert auf dem Wunsch einen Schuh zu erschaffen, der all die positiven Aspekte von Barfu\u00df gehen bietet: Das Gef\u00fchl von Leichtigkeit und Nat\u00fcrlichkeit verpackt in Premium Qualit\u00e4t und Design mit wundervollem Tragekomfort.\",\"breadcrumb\":{\"@id\":\"http:\/\/seroshoes.com\/#breadcrumb\"},\"inLanguage\":\"en-US\",\"potentialAction\":[{\"@type\":\"ReadAction\",\"target\":[\"http:\/\/seroshoes.com\/\"]}]},{\"@type\":\"BreadcrumbList\",\"@id\":\"http:\/\/seroshoes.com\/#breadcrumb\",\"itemListElement\":[{\"@type\":\"ListItem\",\"position\":1,\"name\":\"Home\",\"item\":\"http:\/\/seroshoes.com\/\"},{\"@type\":\"ListItem\",\"position\":2,\"name\":\"Home\"}]},{\"@type\":\"WebSite\",\"@id\":\"http:\/\/seroshoes.com\/#website\",\"url\":\"http:\/\/seroshoes.com\/\",\"name\":\"seroeshoes\",\"description\":\"feel free\",\"publisher\":{\"@id\":\"http:\/\/seroshoes.com\/#organization\"},\"potentialAction\":[{\"@type\":\"SearchAction\",\"target\":{\"@type\":\"EntryPoint\",\"urlTemplate\":\"http:\/\/seroshoes.com\/?s={search_term_string}\"},\"query-input\":\"required name=search_term_string\"}],\"inLanguage\":\"en-US\"},{\"@type\":\"Organization\",\"@id\":\"http:\/\/seroshoes.com\/#organization\",\"name\":\"Footloose GmbH\",\"url\":\"http:\/\/seroshoes.com\/\",\"logo\":{\"@type\":\"ImageObject\",\"inLanguage\":\"en-US\",\"@id\":\"http:\/\/seroshoes.com\/#\/schema\/logo\/image\/\",\"url\":\"http:\/\/seroshoes.com\/wp-content\/uploads\/2019\/10\/Sero-Logo.png\",\"contentUrl\":\"http:\/\/seroshoes.com\/wp-content\/uploads\/2019\/10\/Sero-Logo.png\",\"width\":2800,\"height\":500,\"caption\":\"Footloose GmbH\"},\"image\":{\"@id\":\"http:\/\/seroshoes.com\/#\/schema\/logo\/image\/\"}}]}<\/script>\n<!-- \/ Yoast SEO plugin. -->","yoast_head_json":{"title":"seroeshoes - feel free","description":"Die Entwicklung der Sero-Technologie basiert auf dem Wunsch einen Schuh zu erschaffen, der all die positiven Aspekte von Barfu\u00df gehen bietet: Das Gef\u00fchl von Leichtigkeit und Nat\u00fcrlichkeit verpackt in Premium Qualit\u00e4t und Design mit wundervollem Tragekomfort.","robots":{"index":"index","follow":"follow","max-snippet":"max-snippet:-1","max-image-preview":"max-image-preview:large","max-video-preview":"max-video-preview:-1"},"canonical":"http:\/\/seroshoes.com\/en\/","og_locale":"en_US","og_type":"article","og_title":"seroeshoes - feel free","og_description":"Die Entwicklung der Sero-Technologie basiert auf dem Wunsch einen Schuh zu erschaffen, der all die positiven Aspekte von Barfu\u00df gehen bietet: Das Gef\u00fchl von Leichtigkeit und Nat\u00fcrlichkeit verpackt in Premium Qualit\u00e4t und Design mit wundervollem Tragekomfort.","og_url":"http:\/\/seroshoes.com\/en\/","og_site_name":"seroeshoes","article_modified_time":"2020-01-27T15:42:22+00:00","twitter_card":"summary_large_image","twitter_misc":{"Est. reading time":"12 minutes"},"schema":{"@context":"https:\/\/schema.org","@graph":[{"@type":"WebPage","@id":"http:\/\/seroshoes.com\/","url":"http:\/\/seroshoes.com\/","name":"seroeshoes - feel free","isPartOf":{"@id":"http:\/\/seroshoes.com\/#website"},"datePublished":"2015-12-14T04:09:47+00:00","dateModified":"2020-01-27T15:42:22+00:00","description":"Die Entwicklung der Sero-Technologie basiert auf dem Wunsch einen Schuh zu erschaffen, der all die positiven Aspekte von Barfu\u00df gehen bietet: Das Gef\u00fchl von Leichtigkeit und Nat\u00fcrlichkeit verpackt in Premium Qualit\u00e4t und Design mit wundervollem Tragekomfort.","breadcrumb":{"@id":"http:\/\/seroshoes.com\/#breadcrumb"},"inLanguage":"en-US","potentialAction":[{"@type":"ReadAction","target":["http:\/\/seroshoes.com\/"]}]},{"@type":"BreadcrumbList","@id":"http:\/\/seroshoes.com\/#breadcrumb","itemListElement":[{"@type":"ListItem","position":1,"name":"Home","item":"http:\/\/seroshoes.com\/"},{"@type":"ListItem","position":2,"name":"Home"}]},{"@type":"WebSite","@id":"http:\/\/seroshoes.com\/#website","url":"http:\/\/seroshoes.com\/","name":"seroeshoes","description":"feel free","publisher":{"@id":"http:\/\/seroshoes.com\/#organization"},"potentialAction":[{"@type":"SearchAction","target":{"@type":"EntryPoint","urlTemplate":"http:\/\/seroshoes.com\/?s={search_term_string}"},"query-input":"required name=search_term_string"}],"inLanguage":"en-US"},{"@type":"Organization","@id":"http:\/\/seroshoes.com\/#organization","name":"Footloose GmbH","url":"http:\/\/seroshoes.com\/","logo":{"@type":"ImageObject","inLanguage":"en-US","@id":"http:\/\/seroshoes.com\/#\/schema\/logo\/image\/","url":"http:\/\/seroshoes.com\/wp-content\/uploads\/2019\/10\/Sero-Logo.png","contentUrl":"http:\/\/seroshoes.com\/wp-content\/uploads\/2019\/10\/Sero-Logo.png","width":2800,"height":500,"caption":"Footloose GmbH"},"image":{"@id":"http:\/\/seroshoes.com\/#\/schema\/logo\/image\/"}}]}},"_links":{"self":[{"href":"http:\/\/seroshoes.com\/en\/wp-json\/wp\/v2\/pages\/4104"}],"collection":[{"href":"http:\/\/seroshoes.com\/en\/wp-json\/wp\/v2\/pages"}],"about":[{"href":"http:\/\/seroshoes.com\/en\/wp-json\/wp\/v2\/types\/page"}],"author":[{"embeddable":true,"href":"http:\/\/seroshoes.com\/en\/wp-json\/wp\/v2\/users\/1"}],"replies":[{"embeddable":true,"href":"http:\/\/seroshoes.com\/en\/wp-json\/wp\/v2\/comments?post=4104"}],"version-history":[{"count":65,"href":"http:\/\/seroshoes.com\/en\/wp-json\/wp\/v2\/pages\/4104\/revisions"}],"predecessor-version":[{"id":4241,"href":"http:\/\/seroshoes.com\/en\/wp-json\/wp\/v2\/pages\/4104\/revisions\/4241"}],"wp:attachment":[{"href":"http:\/\/seroshoes.com\/en\/wp-json\/wp\/v2\/media?parent=4104"}],"curies":[{"name":"wp","href":"https:\/\/api.w.org\/{rel}","templated":true}]}}